{"id":50,"date":"2025-04-21T17:10:32","date_gmt":"2025-04-21T17:10:32","guid":{"rendered":"https:\/\/planeacionestrategica.incp.org.co\/?page_id=50"},"modified":"2025-04-28T12:39:49","modified_gmt":"2025-04-28T12:39:49","slug":"conferencista-3","status":"publish","type":"page","link":"https:\/\/planeacionestrategica.incp.org.co\/index.php\/conferencista-3\/","title":{"rendered":"Juan Daniel Moreno\u200b"},"content":{"rendered":"\n<div class=\"wp-block-columns is-layout-flex wp-container-core-columns-is-layout-9d6595d7 wp-block-columns-is-layout-flex\">\n<div class=\"wp-block-column is-layout-flow wp-block-column-is-layout-flow\">\n<figure class=\"wp-block-image size-full is-resized\"><img decoding=\"async\" src=\"data:image\/gif;base64,R0lGODlhAQABAAAAACH5BAEKAAEALAAAAAABAAEAAAICTAEAOw==\" data-layzr=\"https:\/\/xicumbre.incp.org.co\/wp-content\/uploads\/2025\/03\/confe_1-100.jpg\" alt=\"\" class=\"wp-image-1282\" style=\"width:412px;height:auto\"\/><\/figure>\n<\/div>\n\n\n\n<div class=\"wp-block-column is-layout-flow wp-block-column-is-layout-flow\">\n<h5 class=\"wp-block-heading\" style=\"font-size:19px\"><em>Director de clientes y mercados en KPMG Colombia\u200b<\/em><\/h5>\n\n\n\n<p style=\"text-align:justify\">Ea profesional en Finanzas y Comercio Internacional, especializado en Gerencia de Negocios Internacionales. Cuenta con m\u00e1s de 10 a\u00f1os de experiencia en compa\u00f1\u00edas de servicios en los que ha gestionado cuentas clave y liderado \u00e1reas comerciales.  Ha coordinado proyectos de diferentes temas como: experiencia de cliente, gesti\u00f3n de relaciones, fidelizaci\u00f3n, inteligencia de mercados y cultura organizacional. Adem\u00e1s, maneja herramientas como Salesforce y SAP (IBS).\u200b<\/p>\n<\/div>\n<\/div>\n","protected":false},"excerpt":{"rendered":"<p>Director de clientes y mercados en KPMG Colombia\u200b Ea profesional en Finanzas y Comercio Internacional, especializado en Gerencia de Negocios Internacionales. Cuenta con m\u00e1s de 10 a\u00f1os de experiencia en compa\u00f1\u00edas de servicios en los que ha gestionado cuentas clave y liderado \u00e1reas comerciales. Ha coordinado proyectos de diferentes temas como: experiencia de cliente, gesti\u00f3n &hellip; <\/p>\n","protected":false},"author":2,"featured_media":0,"parent":0,"menu_order":0,"comment_status":"closed","ping_status":"closed","template":"","meta":{"footnotes":""},"class_list":["post-50","page","type-page","status-publish","hentry","latest_post"],"_links":{"self":[{"href":"https:\/\/planeacionestrategica.incp.org.co\/index.php\/wp-json\/wp\/v2\/pages\/50","targetHints":{"allow":["GET"]}}],"collection":[{"href":"https:\/\/planeacionestrategica.incp.org.co\/index.php\/wp-json\/wp\/v2\/pages"}],"about":[{"href":"https:\/\/planeacionestrategica.incp.org.co\/index.php\/wp-json\/wp\/v2\/types\/page"}],"author":[{"embeddable":true,"href":"https:\/\/planeacionestrategica.incp.org.co\/index.php\/wp-json\/wp\/v2\/users\/2"}],"replies":[{"embeddable":true,"href":"https:\/\/planeacionestrategica.incp.org.co\/index.php\/wp-json\/wp\/v2\/comments?post=50"}],"version-history":[{"count":2,"href":"https:\/\/planeacionestrategica.incp.org.co\/index.php\/wp-json\/wp\/v2\/pages\/50\/revisions"}],"predecessor-version":[{"id":147,"href":"https:\/\/planeacionestrategica.incp.org.co\/index.php\/wp-json\/wp\/v2\/pages\/50\/revisions\/147"}],"wp:attachment":[{"href":"https:\/\/planeacionestrategica.incp.org.co\/index.php\/wp-json\/wp\/v2\/media?parent=50"}],"curies":[{"name":"wp","href":"https:\/\/api.w.org\/{rel}","templated":true}]}}