{"id":348,"date":"2025-06-09T20:44:15","date_gmt":"2025-06-09T20:44:15","guid":{"rendered":"https:\/\/planeacionestrategica.incp.org.co\/?page_id=348"},"modified":"2025-06-20T15:19:20","modified_gmt":"2025-06-20T15:19:20","slug":"memorias","status":"publish","type":"page","link":"https:\/\/planeacionestrategica.incp.org.co\/index.php\/memorias\/","title":{"rendered":"Memorias"},"content":{"rendered":"<div class=\"passster-form\" id=\"ps-731\">\n    <form class=\"password-form\" method=\"post\" autocomplete=\"off\" target=\"_top\">\n        <span class=\"ps-form-headline\">\u00c1rea protegida<\/span>\n        <div class=\"ps-form-instructions-wrap\">Este contenido est\u00e1 protegido por contrase\u00f1a. Por favor, introduce una contrase\u00f1a para desbloquear el contenido.<\/div>\n        <fieldset>\n            <span class=\"ps-loader\" style=\"display:none;\"><img decoding=\"async\" src=\"data:image\/gif;base64,R0lGODlhAQABAAAAACH5BAEKAAEALAAAAAABAAEAAAICTAEAOw==\" data-layzr=\"https:\/\/planeacionestrategica.incp.org.co\/wp-content\/plugins\/content-protector\/assets\/public\/ps-loader.svg\" alt=\"\" \/><\/span>\n            <label for=\"input-ps-731\" style=\"display:none;\" class=\"passster-hidden\">Enter your password<\/label>\n            <input placeholder=\"Introduce tu contrase\u00f1a.\" type=\"password\" tabindex=\"1\" name=\"passster_password\"\n                   id=\"input-ps-731\" class=\"passster-password\" autocomplete=\"off\"\n                   data-protection-type=\"password\" data-list=\"[PASSSTER_LIST]\" data-lists=\"[PASSSTER_LISTS]\" data-area=\"[PASSSTER_AREA]\"\n                   data-protection=\"full\">\n            \n            <button name=\"submit\" type=\"submit\" class=\"passster-submit\" data-psid=\"ps-731\" data-post-id=\"348\" data-term-id=\"0\" \n                    data-submit=\"...Checking Password\" data-redirect=\"\">Unlock\n            <\/button>\n            <div class=\"passster-error\"><\/div>\n        <\/fieldset>\n    <\/form>\n<\/div>\n","protected":false},"excerpt":{"rendered":"<div class=\"passster-form\" id=\"ps-731\">\n<form class=\"password-form\" method=\"post\" autocomplete=\"off\" target=\"_top\">\n        <span class=\"ps-form-headline\">\u00c1rea protegida<\/span><\/p>\n<div class=\"ps-form-instructions-wrap\">Este contenido est\u00e1 protegido por contrase\u00f1a. Por favor, introduce una contrase\u00f1a para desbloquear el contenido.<\/div>\n<fieldset>\n            <span class=\"ps-loader\" style=\"display:none;\"><img decoding=\"async\" src=\"https:\/\/planeacionestrategica.incp.org.co\/wp-content\/plugins\/content-protector\/assets\/public\/ps-loader.svg\" alt=\"\" \/><\/span><br \/>\n            <label for=\"input-ps-731\" style=\"display:none;\" class=\"passster-hidden\">Enter your password<\/label><br \/>\n            <input placeholder=\"Introduce tu contrase\u00f1a.\" type=\"password\" tabindex=\"1\" name=\"passster_password\"\n                   id=\"input-ps-731\" class=\"passster-password\" autocomplete=\"off\"\n                   data-protection-type=\"password\" data-list=\"[PASSSTER_LIST]\" data-lists=\"[PASSSTER_LISTS]\" data-area=\"[PASSSTER_AREA]\"\n                   data-protection=\"full\"><\/p>\n<p>            <button name=\"submit\" type=\"submit\" class=\"passster-submit\" data-psid=\"ps-731\" data-post-id=\"348\" data-term-id=\"0\" \n                    data-submit=\"...Checking Password\" data-redirect=\"\">Unlock<br \/>\n            <\/button><\/p>\n<div class=\"passster-error\"><\/div>\n<\/fieldset><\/form>\n<\/div>\n","protected":false},"author":2,"featured_media":0,"parent":0,"menu_order":0,"comment_status":"closed","ping_status":"closed","template":"","meta":{"footnotes":""},"class_list":["post-348","page","type-page","status-publish","hentry","latest_post"],"_links":{"self":[{"href":"https:\/\/planeacionestrategica.incp.org.co\/index.php\/wp-json\/wp\/v2\/pages\/348","targetHints":{"allow":["GET"]}}],"collection":[{"href":"https:\/\/planeacionestrategica.incp.org.co\/index.php\/wp-json\/wp\/v2\/pages"}],"about":[{"href":"https:\/\/planeacionestrategica.incp.org.co\/index.php\/wp-json\/wp\/v2\/types\/page"}],"author":[{"embeddable":true,"href":"https:\/\/planeacionestrategica.incp.org.co\/index.php\/wp-json\/wp\/v2\/users\/2"}],"replies":[{"embeddable":true,"href":"https:\/\/planeacionestrategica.incp.org.co\/index.php\/wp-json\/wp\/v2\/comments?post=348"}],"version-history":[{"count":7,"href":"https:\/\/planeacionestrategica.incp.org.co\/index.php\/wp-json\/wp\/v2\/pages\/348\/revisions"}],"predecessor-version":[{"id":374,"href":"https:\/\/planeacionestrategica.incp.org.co\/index.php\/wp-json\/wp\/v2\/pages\/348\/revisions\/374"}],"wp:attachment":[{"href":"https:\/\/planeacionestrategica.incp.org.co\/index.php\/wp-json\/wp\/v2\/media?parent=348"}],"curies":[{"name":"wp","href":"https:\/\/api.w.org\/{rel}","templated":true}]}}