{"id":340,"date":"2025-06-03T17:47:32","date_gmt":"2025-06-03T17:47:32","guid":{"rendered":"https:\/\/planeacionestrategica.incp.org.co\/?page_id=340"},"modified":"2025-06-03T20:12:45","modified_gmt":"2025-06-03T20:12:45","slug":"jorge-garcia","status":"publish","type":"page","link":"https:\/\/planeacionestrategica.incp.org.co\/index.php\/jorge-garcia\/","title":{"rendered":"Jorge Garc\u00eda"},"content":{"rendered":"\n<div class=\"wp-block-columns is-layout-flex wp-container-core-columns-is-layout-9d6595d7 wp-block-columns-is-layout-flex\">\n<div class=\"wp-block-column is-layout-flow wp-block-column-is-layout-flow\">\n<figure class=\"wp-block-image size-full is-resized\"><img decoding=\"async\" src=\"data:image\/gif;base64,R0lGODlhAQABAAAAACH5BAEKAAEALAAAAAABAAEAAAICTAEAOw==\" data-layzr=\"https:\/\/planeacionestrategica.incp.org.co\/wp-content\/uploads\/2025\/06\/WhatsApp-Image-2025-06-03-at-3.11.02-PM.jpeg\" alt=\"\" class=\"wp-image-344\" style=\"width:414px;height:auto\"\/><\/figure>\n<\/div>\n\n\n\n<div class=\"wp-block-column is-layout-flow wp-block-column-is-layout-flow\">\n<h5 class=\"wp-block-heading\" style=\"font-size:19px\"><em>Gerente Massive Recruitment en Adecco Colombia.\u200b<\/em><\/h5>\n\n\n\n<p style=\"text-align:justify\">Administrador de Empresas, especialista en Estrategia Comercial y Recursos Humanos.\u200b\n<br>Con m\u00e1s de 10 a\u00f1os de experiencia en la gesti\u00f3n estrat\u00e9gica en los sectores B2B y B2C, ha desplegado competencias clave en liderazgo de equipos, desarrollo comercial y talento humano. Cuenta con un equilibrio \u00fanico entre habilidades hunter y farmer, lo que le permite captar y fidelizar clientes de forma eficaz.\u200b\n<br>Su trayectoria en talento humano\u00a0incluye el dise\u00f1o, desarrollo y ejecuci\u00f3n de procesos de reclutamiento y selecci\u00f3n, as\u00ed como formaci\u00f3n, bienestar y compensaciones. Ha liderado proyectos de consultor\u00eda en \u00e1reas de atracci\u00f3n de talento para compa\u00f1\u00edas nacionales e internacionales. <\/p>\n<\/div>\n<\/div>\n","protected":false},"excerpt":{"rendered":"<p>Gerente Massive Recruitment en Adecco Colombia.\u200b Administrador de Empresas, especialista en Estrategia Comercial y Recursos Humanos.\u200b Con m\u00e1s de 10 a\u00f1os de experiencia en la gesti\u00f3n estrat\u00e9gica en los sectores B2B y B2C, ha desplegado competencias clave en liderazgo de equipos, desarrollo comercial y talento humano. Cuenta con un equilibrio \u00fanico entre habilidades hunter y &hellip; <\/p>\n","protected":false},"author":2,"featured_media":0,"parent":0,"menu_order":0,"comment_status":"closed","ping_status":"closed","template":"","meta":{"footnotes":""},"class_list":["post-340","page","type-page","status-publish","hentry","latest_post"],"_links":{"self":[{"href":"https:\/\/planeacionestrategica.incp.org.co\/index.php\/wp-json\/wp\/v2\/pages\/340","targetHints":{"allow":["GET"]}}],"collection":[{"href":"https:\/\/planeacionestrategica.incp.org.co\/index.php\/wp-json\/wp\/v2\/pages"}],"about":[{"href":"https:\/\/planeacionestrategica.incp.org.co\/index.php\/wp-json\/wp\/v2\/types\/page"}],"author":[{"embeddable":true,"href":"https:\/\/planeacionestrategica.incp.org.co\/index.php\/wp-json\/wp\/v2\/users\/2"}],"replies":[{"embeddable":true,"href":"https:\/\/planeacionestrategica.incp.org.co\/index.php\/wp-json\/wp\/v2\/comments?post=340"}],"version-history":[{"count":2,"href":"https:\/\/planeacionestrategica.incp.org.co\/index.php\/wp-json\/wp\/v2\/pages\/340\/revisions"}],"predecessor-version":[{"id":347,"href":"https:\/\/planeacionestrategica.incp.org.co\/index.php\/wp-json\/wp\/v2\/pages\/340\/revisions\/347"}],"wp:attachment":[{"href":"https:\/\/planeacionestrategica.incp.org.co\/index.php\/wp-json\/wp\/v2\/media?parent=340"}],"curies":[{"name":"wp","href":"https:\/\/api.w.org\/{rel}","templated":true}]}}