{"id":330,"date":"2025-05-29T16:43:44","date_gmt":"2025-05-29T16:43:44","guid":{"rendered":"https:\/\/planeacionestrategica.incp.org.co\/?page_id=330"},"modified":"2025-05-29T16:43:44","modified_gmt":"2025-05-29T16:43:44","slug":"daniel-lopez-hincapie","status":"publish","type":"page","link":"https:\/\/planeacionestrategica.incp.org.co\/index.php\/daniel-lopez-hincapie\/","title":{"rendered":"Daniel L\u00f3pez Hincapi\u00e9\u200b"},"content":{"rendered":"\n<div class=\"wp-block-columns is-layout-flex wp-container-core-columns-is-layout-9d6595d7 wp-block-columns-is-layout-flex\">\n<div class=\"wp-block-column is-layout-flow wp-block-column-is-layout-flow\">\n<figure class=\"wp-block-image size-full is-resized\"><img decoding=\"async\" src=\"data:image\/gif;base64,R0lGODlhAQABAAAAACH5BAEKAAEALAAAAAABAAEAAAICTAEAOw==\" data-layzr=\"https:\/\/planeacionestrategica.incp.org.co\/wp-content\/uploads\/2025\/05\/Daniel.png\" alt=\"\" class=\"wp-image-327\" style=\"width:414px;height:auto\"\/><\/figure>\n<\/div>\n\n\n\n<div class=\"wp-block-column is-layout-flow wp-block-column-is-layout-flow\">\n<h5 class=\"wp-block-heading\" style=\"font-size:19px\"><em>Mentor en estrategia, emprendimiento, liderazgo y gesti\u00f3n del cambio\u200b\u200b<\/em><\/h5>\n\n\n\n<p style=\"text-align:justify\">Economista y mag\u00edster en Econom\u00eda y Administraci\u00f3n P\u00fablica de la Universidad de los Andes y de la Universidad de Chicago, respectivamente. \u200b\n\n<br>Cuenta con m\u00e1s de 15 a\u00f1os de experiencia asesorando a l\u00edderes y ejecutivos en estrategia, emprendimiento, liderazgo y gesti\u00f3n del cambio. Ha formado y acompa\u00f1ado procesos con equipos directivos de empresas en Colombia y Am\u00e9rica Latina, as\u00ed como en conversaciones territoriales y nacionales para la construcci\u00f3n de acuerdos. Se ha especializado en procesos de transformaci\u00f3n de firmas de consultor\u00eda de cara a su posicionamiento estrat\u00e9gico y transformaci\u00f3n generacional. \u200b\n\n<br>Es docente universitario del CESA en Estrategia y Gesti\u00f3n del Cambio. Fue nominado a los premios Portafolio 2019 en la categor\u00eda de Mejor Docente Universitario en Colombia.\u200b\n\n<br>Actualmente, es socio fundador StratyLab, una consultora en estrategia y transformaci\u00f3n organizacional.\u200b<\/p>\n<\/div>\n<\/div>\n","protected":false},"excerpt":{"rendered":"<p>Mentor en estrategia, emprendimiento, liderazgo y gesti\u00f3n del cambio\u200b\u200b Economista y mag\u00edster en Econom\u00eda y Administraci\u00f3n P\u00fablica de la Universidad de los Andes y de la Universidad de Chicago, respectivamente. \u200b Cuenta con m\u00e1s de 15 a\u00f1os de experiencia asesorando a l\u00edderes y ejecutivos en estrategia, emprendimiento, liderazgo y gesti\u00f3n del cambio. Ha formado y &hellip; <\/p>\n","protected":false},"author":2,"featured_media":0,"parent":0,"menu_order":0,"comment_status":"closed","ping_status":"closed","template":"","meta":{"footnotes":""},"class_list":["post-330","page","type-page","status-publish","hentry","latest_post"],"_links":{"self":[{"href":"https:\/\/planeacionestrategica.incp.org.co\/index.php\/wp-json\/wp\/v2\/pages\/330","targetHints":{"allow":["GET"]}}],"collection":[{"href":"https:\/\/planeacionestrategica.incp.org.co\/index.php\/wp-json\/wp\/v2\/pages"}],"about":[{"href":"https:\/\/planeacionestrategica.incp.org.co\/index.php\/wp-json\/wp\/v2\/types\/page"}],"author":[{"embeddable":true,"href":"https:\/\/planeacionestrategica.incp.org.co\/index.php\/wp-json\/wp\/v2\/users\/2"}],"replies":[{"embeddable":true,"href":"https:\/\/planeacionestrategica.incp.org.co\/index.php\/wp-json\/wp\/v2\/comments?post=330"}],"version-history":[{"count":1,"href":"https:\/\/planeacionestrategica.incp.org.co\/index.php\/wp-json\/wp\/v2\/pages\/330\/revisions"}],"predecessor-version":[{"id":331,"href":"https:\/\/planeacionestrategica.incp.org.co\/index.php\/wp-json\/wp\/v2\/pages\/330\/revisions\/331"}],"wp:attachment":[{"href":"https:\/\/planeacionestrategica.incp.org.co\/index.php\/wp-json\/wp\/v2\/media?parent=330"}],"curies":[{"name":"wp","href":"https:\/\/api.w.org\/{rel}","templated":true}]}}